{"id":185,"date":"2019-09-02T16:38:54","date_gmt":"2019-09-02T14:38:54","guid":{"rendered":"http:\/\/www.ht-hotelphotography.com\/?page_id=185"},"modified":"2023-03-26T20:15:42","modified_gmt":"2023-03-26T18:15:42","slug":"info","status":"publish","type":"page","link":"https:\/\/ht-photography.de\/ht\/info\/","title":{"rendered":"DE Informationen"},"content":{"rendered":"\r\n<h3 class=\"wp-block-heading\">\u00dcber uns<\/h3>\r\n\r\n\r\n\r\n\r\n\r\n<p>Wir sind als erfolgreiches Fotografenpaar seit 20 Jahren in vielen L\u00e4ndern f\u00fcr ganz unterschiedliche Projekte unterwegs. In dieser Zeit wurden im In- und Ausland mehr als 350 gro\u00dfe, teils preisgekr\u00f6nte Bildb\u00e4nde und Kalender publiziert. 2019 haben wir uns entschlossen, unsere Auslandstouren mit unserer Passion f\u00fcr Architektur, Interior und Design zu kombinieren und unsere Ideen und Kreativit\u00e4t auch ausgew\u00e4hlten, einzigartigen Hotels und G\u00e4steh\u00e4usern anzubieten.<\/p>\r\n\r\n\r\n\r\n<p>Unsere Preise richten sich generell nach dem jeweiligen Zeitaufwand, dem Verwendungszweck und der Nutzungsdauer unseres Bildmaterials sowie einem kleinen Teil der Anfahrtskosten (sehen Sie sich gerne unsere Reisedaten an, um zu erfahren, wann wir in Ihrer Region sind).<\/p>\r\n\r\n\r\n\r\n<p>Interessiert? Wir freuen uns \u00fcber ihre unverbindliche Anfrage und vielleicht auf eine spannende Zusammenarbeit!<\/p>\r\n\r\n\r\n\r\n<p>Tina &amp; Horst Herzig<\/p>\r\n\r\n\r\n\r\n<h3 class=\"wp-block-heading\">Reisedaten 2023<\/h3>\r\n\r\n\r\n\r\n<ul>\r\n<li>Belgien<\/li>\r\n<li>Niederlande<\/li>\r\n<li>Frankreich<\/li>\r\n<li>Portugal<\/li>\r\n<li>Island<\/li>\r\n<li>Mecklenburg Vorpommern<\/li>\r\n<\/ul>\r\n","protected":false},"excerpt":{"rendered":"<p>\u00dcber uns Wir sind als erfolgreiches Fotografenpaar seit 20 Jahren in vielen L\u00e4ndern f\u00fcr ganz unterschiedliche Projekte unterwegs. In dieser Zeit wurden im In- und Ausland mehr als 350 gro\u00dfe,&hellip; <a class=\"excerpt-more-link\" href=\"https:\/\/ht-photography.de\/ht\/info\/\">Weiterlesen<\/a><\/p>\n","protected":false},"author":1,"featured_media":0,"parent":0,"menu_order":0,"comment_status":"closed","ping_status":"closed","template":"page-templates\/full-width.php","meta":{"footnotes":""},"_links":{"self":[{"href":"https:\/\/ht-photography.de\/ht\/wp-json\/wp\/v2\/pages\/185"}],"collection":[{"href":"https:\/\/ht-photography.de\/ht\/wp-json\/wp\/v2\/pages"}],"about":[{"href":"https:\/\/ht-photography.de\/ht\/wp-json\/wp\/v2\/types\/page"}],"author":[{"embeddable":true,"href":"https:\/\/ht-photography.de\/ht\/wp-json\/wp\/v2\/users\/1"}],"replies":[{"embeddable":true,"href":"https:\/\/ht-photography.de\/ht\/wp-json\/wp\/v2\/comments?post=185"}],"version-history":[{"count":22,"href":"https:\/\/ht-photography.de\/ht\/wp-json\/wp\/v2\/pages\/185\/revisions"}],"predecessor-version":[{"id":17310,"href":"https:\/\/ht-photography.de\/ht\/wp-json\/wp\/v2\/pages\/185\/revisions\/17310"}],"wp:attachment":[{"href":"https:\/\/ht-photography.de\/ht\/wp-json\/wp\/v2\/media?parent=185"}],"curies":[{"name":"wp","href":"https:\/\/api.w.org\/{rel}","templated":true}]}}