{"id":12049,"date":"2020-08-23T15:20:43","date_gmt":"2020-08-23T13:20:43","guid":{"rendered":"https:\/\/www.ht-hotelphotography.com\/?page_id=12049"},"modified":"2022-06-07T15:23:52","modified_gmt":"2022-06-07T13:23:52","slug":"info-hotel","status":"publish","type":"page","link":"https:\/\/ht-photography.de\/ht\/info\/info-hotel\/","title":{"rendered":"DE Informationen Hotel Fotografie"},"content":{"rendered":"<h3>Hotel Fotografie<\/h3>\n<p>Viele Reisende buchen ihr Hotel mittlerweile \u00fcber entsprechende Internetportale oder auch direkt \u00fcber die Website. Deshalb ist es wichtiger denn je sich aus dem relativ breit verf\u00fcgbaren Zimmerangebot\u00a0exklusiver oder einzigartiger Hotels\u00a0durch interessante und ungew\u00f6hnliche Bilder hervorzuheben, die bei der digitalen\u00a0 Zimmersuche spontan die Aufmerksamkeit des m\u00f6glichen Gastes wecken. Um die emotionale Ebene Ihrer Zielgruppe optimal anzusprechen, reicht es daher nicht mehr, die Ausstattung und Gr\u00f6\u00dfe der Zimmer, das hauseigene Restaurant, den Fitnessraum usw. in technisch perfekten, aber sterilen und relativ austauschbaren Bildern zu dokumentieren, um sich von den relevanten Mitbewerbern mit meist \u00e4hnlichen Bildern abzuheben. Da Design, Interior und Dekoration immer auch Ausdruck des Stils und Charakters der Eigent\u00fcmer oder der Philosophie und der Kultur eines Unternehmens sind, gilt es daher, diese Einzigartigkeit auch in ad\u00e4quaten, diese individuellen Stilelemente betonenden und vor allem emotional ansprechenden Bildern zu pr\u00e4sentieren.<\/p>\n<p>Wir bieten eine eher unkonventionelle Bildsprache, mit interessanten alternativen Blickwinkeln und ber\u00fccksichtigen vor allem\u00a0auch ausgew\u00e4hlte Elemente, Objekte und Details sowie besondere Momente von Licht- und Schatten, die den Betrachter neugierig machen, zur weiteren Entdeckung Ihres Hauses animieren und so die Wahrscheinlichkeit einer Zimmerbuchung erh\u00f6hen. Nat\u00fcrlich sind wir auch aufgrund unserer sonstigen T\u00e4tigkeit geradezu pr\u00e4destiniert f\u00fcr fantastische Aufnahmen von Landschaften und Sehensw\u00fcrdigkeiten in Ihrer Umgebung, die die Attraktivit\u00e4t Ihres Hauses zus\u00e4tzlich erh\u00f6hen.<\/p>\n<p>Wir sind interessiert an unkomplizierten Kooperationen mit interessanten Hotels und G\u00e4steh\u00e4usern in ganz unterschiedlichen Gr\u00f6\u00dfenordnungen und Stilen, die Lust auf eine visuelle Neuinterpretation aller Facetten ihres Hauses haben.<\/p>\n<p>Interessiert? Wir freuen uns \u00fcber ihre <a href=\"https:\/\/ht-photography.de\/ht\/\/kontakt\/\">unverbindliche Anfrage<\/a> und vielleicht auf eine spannende Zusammenarbeit!<\/p>\n","protected":false},"excerpt":{"rendered":"<p>Hotel Fotografie Viele Reisende buchen ihr Hotel mittlerweile \u00fcber entsprechende Internetportale oder auch direkt \u00fcber die Website. Deshalb ist es wichtiger denn je sich aus dem relativ breit verf\u00fcgbaren Zimmerangebot\u00a0exklusiver&hellip; <a class=\"excerpt-more-link\" href=\"https:\/\/ht-photography.de\/ht\/info\/info-hotel\/\">Weiterlesen<\/a><\/p>\n","protected":false},"author":1,"featured_media":0,"parent":185,"menu_order":0,"comment_status":"closed","ping_status":"closed","template":"page-templates\/full-width.php","meta":{"footnotes":""},"_links":{"self":[{"href":"https:\/\/ht-photography.de\/ht\/wp-json\/wp\/v2\/pages\/12049"}],"collection":[{"href":"https:\/\/ht-photography.de\/ht\/wp-json\/wp\/v2\/pages"}],"about":[{"href":"https:\/\/ht-photography.de\/ht\/wp-json\/wp\/v2\/types\/page"}],"author":[{"embeddable":true,"href":"https:\/\/ht-photography.de\/ht\/wp-json\/wp\/v2\/users\/1"}],"replies":[{"embeddable":true,"href":"https:\/\/ht-photography.de\/ht\/wp-json\/wp\/v2\/comments?post=12049"}],"version-history":[{"count":12,"href":"https:\/\/ht-photography.de\/ht\/wp-json\/wp\/v2\/pages\/12049\/revisions"}],"predecessor-version":[{"id":17202,"href":"https:\/\/ht-photography.de\/ht\/wp-json\/wp\/v2\/pages\/12049\/revisions\/17202"}],"up":[{"embeddable":true,"href":"https:\/\/ht-photography.de\/ht\/wp-json\/wp\/v2\/pages\/185"}],"wp:attachment":[{"href":"https:\/\/ht-photography.de\/ht\/wp-json\/wp\/v2\/media?parent=12049"}],"curies":[{"name":"wp","href":"https:\/\/api.w.org\/{rel}","templated":true}]}}