{"id":12047,"date":"2020-08-23T15:12:39","date_gmt":"2020-08-23T13:12:39","guid":{"rendered":"https:\/\/www.ht-hotelphotography.com\/?page_id=12047"},"modified":"2022-06-07T17:17:51","modified_gmt":"2022-06-07T15:17:51","slug":"info-fineart","status":"publish","type":"page","link":"https:\/\/ht-photography.de\/ht\/info\/info-fineart\/","title":{"rendered":"DE Informationen Fine Art Fotografie"},"content":{"rendered":"<div class=\"tiled-gallery type-square tiled-gallery-unresized\" data-original-width=\"660\" data-carousel-extra='{&quot;blog_id&quot;:1,&quot;permalink&quot;:&quot;https:\\\/\\\/ht-photography.de\\\/ht\\\/info\\\/info-fineart\\\/&quot;,&quot;likes_blog_id&quot;:166277322}' itemscope itemtype=\"http:\/\/schema.org\/ImageGallery\" > <div class=\"gallery-row\" style=\"width: 660px; height: 165px;\" data-original-width=\"660\" data-original-height=\"165\" > <div class=\"gallery-group\" style=\"width: 165px; height: 165px;\" data-original-width=\"165\" data-original-height=\"165\" > <div class=\"tiled-gallery-item \" itemprop=\"associatedMedia\" itemscope itemtype=\"http:\/\/schema.org\/ImageObject\"> <a href=\"https:\/\/ht-photography.de\/ht\/thh_t_20200728_0676\/\" border=\"0\" itemprop=\"url\"> <meta itemprop=\"width\" content=\"161\"> <meta itemprop=\"height\" content=\"161\"> <img data-attachment-id=\"13593\" data-orig-file=\"https:\/\/ht-photography.de\/ht\/wp-content\/uploads\/2020\/12\/thh_t_20200728_0676.jpg\" data-orig-size=\"800,1200\" data-comments-opened=\"\" data-image-meta=\"{&quot;aperture&quot;:&quot;4&quot;,&quot;credit&quot;:&quot;TINA HERZIG&quot;,&quot;camera&quot;:&quot;NIKON D7500&quot;,&quot;caption&quot;:&quot;&quot;,&quot;created_timestamp&quot;:&quot;1593443494&quot;,&quot;copyright&quot;:&quot;TINA HERZIG FOTOGRAFIE&quot;,&quot;focal_length&quot;:&quot;18&quot;,&quot;iso&quot;:&quot;400&quot;,&quot;shutter_speed&quot;:&quot;0.016666666666667&quot;,&quot;title&quot;:&quot;&quot;,&quot;orientation&quot;:&quot;1&quot;}\" data-image-title=\"\" data-image-description=\"\" data-medium-file=\"https:\/\/i0.wp.com\/ht-photography.de\/ht\/wp-content\/uploads\/2020\/12\/thh_t_20200728_0676.jpg?fit=200%2C300&#038;ssl=1\" data-large-file=\"https:\/\/i0.wp.com\/ht-photography.de\/ht\/wp-content\/uploads\/2020\/12\/thh_t_20200728_0676.jpg?fit=660%2C990&#038;ssl=1\" src=\"https:\/\/i0.wp.com\/ht-photography.de\/ht\/wp-content\/uploads\/2020\/12\/thh_t_20200728_0676.jpg?w=161&#038;h=161&#038;crop=1&#038;ssl=1\" width=\"161\" height=\"161\" data-original-width=\"161\" data-original-height=\"161\" itemprop=\"http:\/\/schema.org\/image\" title=\"\" alt=\"\" style=\"width: 161px; height: 161px;\" \/> <\/a> <\/div> <\/div> <div class=\"gallery-group\" style=\"width: 165px; height: 165px;\" data-original-width=\"165\" data-original-height=\"165\" > <div class=\"tiled-gallery-item \" itemprop=\"associatedMedia\" itemscope itemtype=\"http:\/\/schema.org\/ImageObject\"> <a href=\"https:\/\/ht-photography.de\/ht\/thh_t_20200518_0504\/\" border=\"0\" itemprop=\"url\"> <meta itemprop=\"width\" content=\"161\"> <meta itemprop=\"height\" content=\"161\"> <img data-attachment-id=\"13561\" data-orig-file=\"https:\/\/ht-photography.de\/ht\/wp-content\/uploads\/2020\/12\/thh_t_20200518_0504.jpg\" data-orig-size=\"800,1200\" data-comments-opened=\"\" data-image-meta=\"{&quot;aperture&quot;:&quot;4&quot;,&quot;credit&quot;:&quot;&quot;,&quot;camera&quot;:&quot;NIKON D7500&quot;,&quot;caption&quot;:&quot;&quot;,&quot;created_timestamp&quot;:&quot;1589731711&quot;,&quot;copyright&quot;:&quot;&quot;,&quot;focal_length&quot;:&quot;24&quot;,&quot;iso&quot;:&quot;400&quot;,&quot;shutter_speed&quot;:&quot;0.016666666666667&quot;,&quot;title&quot;:&quot;&quot;,&quot;orientation&quot;:&quot;1&quot;}\" data-image-title=\"thh_t_20200518_0504\" data-image-description=\"\" data-medium-file=\"https:\/\/i0.wp.com\/ht-photography.de\/ht\/wp-content\/uploads\/2020\/12\/thh_t_20200518_0504.jpg?fit=200%2C300&#038;ssl=1\" data-large-file=\"https:\/\/i0.wp.com\/ht-photography.de\/ht\/wp-content\/uploads\/2020\/12\/thh_t_20200518_0504.jpg?fit=660%2C990&#038;ssl=1\" src=\"https:\/\/i0.wp.com\/ht-photography.de\/ht\/wp-content\/uploads\/2020\/12\/thh_t_20200518_0504.jpg?w=161&#038;h=161&#038;crop=1&#038;ssl=1\" width=\"161\" height=\"161\" data-original-width=\"161\" data-original-height=\"161\" itemprop=\"http:\/\/schema.org\/image\" title=\"thh_t_20200518_0504\" alt=\"thh_t_20200518_0504\" style=\"width: 161px; height: 161px;\" \/> <\/a> <\/div> <\/div> <div class=\"gallery-group\" style=\"width: 165px; height: 165px;\" data-original-width=\"165\" data-original-height=\"165\" > <div class=\"tiled-gallery-item \" itemprop=\"associatedMedia\" itemscope itemtype=\"http:\/\/schema.org\/ImageObject\"> <a href=\"https:\/\/ht-photography.de\/ht\/thh_t_20200728_0156\/\" border=\"0\" itemprop=\"url\"> <meta itemprop=\"width\" content=\"161\"> <meta itemprop=\"height\" content=\"161\"> <img data-attachment-id=\"13568\" data-orig-file=\"https:\/\/ht-photography.de\/ht\/wp-content\/uploads\/2020\/12\/thh_t_20200728_0156.jpg\" data-orig-size=\"800,1200\" data-comments-opened=\"\" data-image-meta=\"{&quot;aperture&quot;:&quot;4.5&quot;,&quot;credit&quot;:&quot;TINA HERZIG&quot;,&quot;camera&quot;:&quot;NIKON D7500&quot;,&quot;caption&quot;:&quot;&quot;,&quot;created_timestamp&quot;:&quot;1593265112&quot;,&quot;copyright&quot;:&quot;TINA HERZIG FOTOGRAFIE&quot;,&quot;focal_length&quot;:&quot;18&quot;,&quot;iso&quot;:&quot;400&quot;,&quot;shutter_speed&quot;:&quot;0.0125&quot;,&quot;title&quot;:&quot;&quot;,&quot;orientation&quot;:&quot;1&quot;}\" data-image-title=\"thh_t_20200728_0156\" data-image-description=\"\" data-medium-file=\"https:\/\/i0.wp.com\/ht-photography.de\/ht\/wp-content\/uploads\/2020\/12\/thh_t_20200728_0156.jpg?fit=200%2C300&#038;ssl=1\" data-large-file=\"https:\/\/i0.wp.com\/ht-photography.de\/ht\/wp-content\/uploads\/2020\/12\/thh_t_20200728_0156.jpg?fit=660%2C990&#038;ssl=1\" src=\"https:\/\/i0.wp.com\/ht-photography.de\/ht\/wp-content\/uploads\/2020\/12\/thh_t_20200728_0156.jpg?w=161&#038;h=161&#038;crop=1&#038;ssl=1\" width=\"161\" height=\"161\" data-original-width=\"161\" data-original-height=\"161\" itemprop=\"http:\/\/schema.org\/image\" title=\"thh_t_20200728_0156\" alt=\"thh_t_20200728_0156\" style=\"width: 161px; height: 161px;\" \/> <\/a> <\/div> <\/div> <div class=\"gallery-group\" style=\"width: 165px; height: 165px;\" data-original-width=\"165\" data-original-height=\"165\" > <div class=\"tiled-gallery-item \" itemprop=\"associatedMedia\" itemscope itemtype=\"http:\/\/schema.org\/ImageObject\"> <a href=\"https:\/\/ht-photography.de\/ht\/thh_t_20200728_0164\/\" border=\"0\" itemprop=\"url\"> <meta itemprop=\"width\" content=\"161\"> <meta itemprop=\"height\" content=\"161\"> <img data-attachment-id=\"13570\" data-orig-file=\"https:\/\/ht-photography.de\/ht\/wp-content\/uploads\/2020\/12\/thh_t_20200728_0164.jpg\" data-orig-size=\"1200,800\" data-comments-opened=\"\" data-image-meta=\"{&quot;aperture&quot;:&quot;5&quot;,&quot;credit&quot;:&quot;TINA HERZIG&quot;,&quot;camera&quot;:&quot;NIKON D7500&quot;,&quot;caption&quot;:&quot;&quot;,&quot;created_timestamp&quot;:&quot;1593265157&quot;,&quot;copyright&quot;:&quot;TINA HERZIG FOTOGRAFIE&quot;,&quot;focal_length&quot;:&quot;28&quot;,&quot;iso&quot;:&quot;400&quot;,&quot;shutter_speed&quot;:&quot;0.01&quot;,&quot;title&quot;:&quot;&quot;,&quot;orientation&quot;:&quot;1&quot;}\" data-image-title=\"thh_t_20200728_0164\" data-image-description=\"\" data-medium-file=\"https:\/\/i0.wp.com\/ht-photography.de\/ht\/wp-content\/uploads\/2020\/12\/thh_t_20200728_0164.jpg?fit=300%2C200&#038;ssl=1\" data-large-file=\"https:\/\/i0.wp.com\/ht-photography.de\/ht\/wp-content\/uploads\/2020\/12\/thh_t_20200728_0164.jpg?fit=660%2C440&#038;ssl=1\" src=\"https:\/\/i0.wp.com\/ht-photography.de\/ht\/wp-content\/uploads\/2020\/12\/thh_t_20200728_0164.jpg?w=161&#038;h=161&#038;crop=1&#038;ssl=1\" width=\"161\" height=\"161\" data-original-width=\"161\" data-original-height=\"161\" itemprop=\"http:\/\/schema.org\/image\" title=\"thh_t_20200728_0164\" alt=\"thh_t_20200728_0164\" style=\"width: 161px; height: 161px;\" \/> <\/a> <\/div> <\/div> <\/div> <\/div>\n<h3>Fine Art Prints f\u00fcr Ihre R\u00e4umlichkeiten<\/h3>\n<p>Urlaub bedeutet heute f\u00fcr viele eine Auszeit vom Alltag, vom modernen Leben &#8211; und immer h\u00e4ufiger ist damit auch der Wunsch verbunden, in dieser Zeit ein bisschen zur\u00fcck zur Natur und zu sich selbst zu finden.<\/p>\n<p>Interior Designer und\/oder kreative Gastgeber schaffen heute in vielen Urlaubsdestinationen in alten Gem\u00e4uern oder in modernen spektakul\u00e4ren oder puristischen Geb\u00e4uden fantastische Feriendomizile. Raumkonzepte mit Designobjekten, stilvollem Mobiliar und aussergew\u00f6hnlichen Dekorationen setzen exklusive Akzente und bieten einem anspruchsvollem Publikum ein stilvolles Ambiente.\u00a0Wir glauben aber, dass G\u00e4stezimmer und andere hotelspezifische R\u00e4umlichkeiten erst mit au\u00dfergew\u00f6hnlichen, inspirierenden, manchmal poetischen Wandbildern ein wirklich atmosph\u00e4risches Raumerlebnis schaffen. Erst eine kongeniale thematische Verbindung von nat\u00fcrlicher Au\u00dfenwelt und inszenierter Innenwelt durch ad\u00e4quate Wandgestaltung kreiert puren Urlaubsgenuss.<\/p>\n<p>Wir sind keine Galerie, sondern offerieren ausschlie\u00dflich unsere eigenen Bildwerke, die im Rahmen unserer zahlreichen Reisen in den vergangenen Jahren entstanden sind und in unserer ganz eigenen Bildsprache Natur und Welt visuell interpretieren.\u00a0Wir k\u00f6nnen und wollen nicht mit den mittlerweile unz\u00e4hligen Online-Anbietern f\u00fcr sogenannte preiswerte Fotokunst und Poster konkurrieren, die neben gelegentlich banalen und austauschbaren Motiven durchaus manch interessantes Bild anbieten. Dieses findet sich allerdings tausendfach und \u00fcberall in Wartezimmern, Wohnzimmern, Kanzleien usw.\u00a0Wir bieten dagegen hochwertige, jeweils streng limitierte, auf Wunsch auch von uns signierte Motive an, die nirgendwo sonst angeboten werden und ergo optimal zu au\u00dfergew\u00f6hnlichen Urlaubsdomizilen im gehobenen Preissegment passen.<\/p>\n<p>Unser Portfolio an Fine Art Prints umfasst vorwiegend faszinierende Motive aus dem unglaublichen Spektrum der Natur. Mystische Berglandschaften und W\u00e4lder, bizarre B\u00e4ume, fragile und abstrakte Bl\u00e4tter und florale Sch\u00f6nheiten usw. zeigen die Schaffenskraft der Natur in all ihren Facetten und lassen nicht nur in alpinen Regionen die G\u00e4ste den unglaublichen Zauber des Lebens im Gro\u00dfen wie im Kleinen sp\u00fcren.\u00a0In K\u00fcstenregionen bieten unsere Kollektionen\u00a0 ganz unterschiedlicher Formen des Elementes Wasser und stimmungsvoller Bilder von Strandk\u00f6rben, Badeh\u00fctten, Swimming Pools, Leuchtt\u00fcrmen, Fischerbooten usw., die in all ihrer Vielfalt unsere Sehnsucht nach dem Meer verk\u00f6rpern, perfekte Motive f\u00fcr ein maritimes Ambiente in G\u00e4stezimmern, im Restaurant usw.\u00a0Unsere minimalistische Architekturkollektion interessanter Bauwerke vorwiegend aus dem 20.Jahrhundert hingegen passt perfekt zu modernem urbanen Style.\u00a0Nat\u00fcrlich sind unsere Bilder auch themen\u00fcbergreifend, farblich oder nach anderen spannenden Aspekten kombinierbar.<\/p>\n<p>Die Preise f\u00fcr unsere qualitativ hochwertigen Fine Art Prints richten sich nach Gr\u00f6\u00dfe, Anzahl und Art\/Material der Prints.\u00a0Lassen Sie sich von unserer Auswahl inspirieren und ein unverbindliches Angebot von uns erstellen. Auf Wunsch beraten wir Sie auch gerne beim Entwurf und der Realisierung eines ad\u00e4quaten Wandgestaltungskonzeptes.<\/p>\n<p>Oder m\u00f6chten Sie in Ihren R\u00e4umlichkeiten vielleicht mit ganz speziellen\u00a0 Motiven aus ihrer direkten Umgebung neue, au\u00dfergew\u00f6hnliche Akzente setzen?\u00a0Auch hierf\u00fcr sind wir offen und und liefern auf Wunsch eine umfassende visuelle Neuinterpretation Ihrer Region.<\/p>\n<p>Kunst hat viele, manchmal \u00fcberraschende Gesichter &#8211; gerade damit kreieren Sie\u00a0 ein wirklich einzigartiges, unvergleichliches Ambiente!<\/p>\n<p>Interessiert? Wir freuen uns \u00fcber ihre <a href=\"https:\/\/ht-photography.de\/ht\/\/kontakt\/\">unverbindliche Anfrage<\/a> und vielleicht auf eine spannende Zusammenarbeit!<\/p>\n","protected":false},"excerpt":{"rendered":"<p>Fine Art Prints f\u00fcr Ihre R\u00e4umlichkeiten Urlaub bedeutet heute f\u00fcr viele eine Auszeit vom Alltag, vom modernen Leben &#8211; und immer h\u00e4ufiger ist damit auch der Wunsch verbunden, in dieser&hellip; <a class=\"excerpt-more-link\" href=\"https:\/\/ht-photography.de\/ht\/info\/info-fineart\/\">Weiterlesen<\/a><\/p>\n","protected":false},"author":1,"featured_media":0,"parent":185,"menu_order":0,"comment_status":"closed","ping_status":"closed","template":"page-templates\/full-width.php","meta":{"footnotes":""},"_links":{"self":[{"href":"https:\/\/ht-photography.de\/ht\/wp-json\/wp\/v2\/pages\/12047"}],"collection":[{"href":"https:\/\/ht-photography.de\/ht\/wp-json\/wp\/v2\/pages"}],"about":[{"href":"https:\/\/ht-photography.de\/ht\/wp-json\/wp\/v2\/types\/page"}],"author":[{"embeddable":true,"href":"https:\/\/ht-photography.de\/ht\/wp-json\/wp\/v2\/users\/1"}],"replies":[{"embeddable":true,"href":"https:\/\/ht-photography.de\/ht\/wp-json\/wp\/v2\/comments?post=12047"}],"version-history":[{"count":10,"href":"https:\/\/ht-photography.de\/ht\/wp-json\/wp\/v2\/pages\/12047\/revisions"}],"predecessor-version":[{"id":17233,"href":"https:\/\/ht-photography.de\/ht\/wp-json\/wp\/v2\/pages\/12047\/revisions\/17233"}],"up":[{"embeddable":true,"href":"https:\/\/ht-photography.de\/ht\/wp-json\/wp\/v2\/pages\/185"}],"wp:attachment":[{"href":"https:\/\/ht-photography.de\/ht\/wp-json\/wp\/v2\/media?parent=12047"}],"curies":[{"name":"wp","href":"https:\/\/api.w.org\/{rel}","templated":true}]}}